{"id":13590,"date":"2022-09-23T21:21:48","date_gmt":"2022-09-24T00:21:48","guid":{"rendered":"https:\/\/musictech.com.br\/devise\/loja\/colecao-nft-shirt-devise-044\/"},"modified":"2023-01-27T11:16:32","modified_gmt":"2023-01-27T14:16:32","slug":"colecao-nft-shirt-devise-044","status":"publish","type":"product","link":"https:\/\/musictech.com.br\/devise\/loja\/colecao-nft-shirt-devise-044\/","title":{"rendered":"Cole\u00e7\u00e3o NFT-Shirt Devise #044"},"content":{"rendered":"","protected":false},"excerpt":{"rendered":"<p>Cole\u00e7\u00e3o NFT-Shirt Devise #044<\/p>\n","protected":false},"featured_media":13589,"template":"","meta":{"inline_featured_image":false},"product_brand":[],"product_cat":[79],"product_tag":[],"class_list":{"0":"post-13590","1":"product","2":"type-product","3":"status-publish","4":"has-post-thumbnail","6":"product_cat-devise","8":"first","9":"instock","10":"shipping-taxable","11":"purchasable","12":"product-type-variable"},"_links":{"self":[{"href":"https:\/\/musictech.com.br\/devise\/wp-json\/wp\/v2\/product\/13590","targetHints":{"allow":["GET"]}}],"collection":[{"href":"https:\/\/musictech.com.br\/devise\/wp-json\/wp\/v2\/product"}],"about":[{"href":"https:\/\/musictech.com.br\/devise\/wp-json\/wp\/v2\/types\/product"}],"wp:featuredmedia":[{"embeddable":true,"href":"https:\/\/musictech.com.br\/devise\/wp-json\/wp\/v2\/media\/13589"}],"wp:attachment":[{"href":"https:\/\/musictech.com.br\/devise\/wp-json\/wp\/v2\/media?parent=13590"}],"wp:term":[{"taxonomy":"product_brand","embeddable":true,"href":"https:\/\/musictech.com.br\/devise\/wp-json\/wp\/v2\/product_brand?post=13590"},{"taxonomy":"product_cat","embeddable":true,"href":"https:\/\/musictech.com.br\/devise\/wp-json\/wp\/v2\/product_cat?post=13590"},{"taxonomy":"product_tag","embeddable":true,"href":"https:\/\/musictech.com.br\/devise\/wp-json\/wp\/v2\/product_tag?post=13590"}],"curies":[{"name":"wp","href":"https:\/\/api.w.org\/{rel}","templated":true}]}}